{"id":8466,"date":"2025-06-16T19:58:35","date_gmt":"2025-06-16T19:58:35","guid":{"rendered":"https:\/\/portalprod-1c21061fad-eugnfehndfcybrea.z03.azurefd.net\/?page_id=8466"},"modified":"2025-07-01T19:37:39","modified_gmt":"2025-07-01T19:37:39","slug":"terms-of-services","status":"publish","type":"page","link":"https:\/\/www.ntsprint.com\/es\/terms-of-services\/","title":{"rendered":"T\u00e9rminos de Servicio"},"content":{"rendered":"<h3 class=\"wp-block-heading\"><strong>Introducci\u00f3n:<\/strong><\/h3>\n\n\n\n<p>Este acuerdo establece los t\u00e9rminos y condiciones que rigen la prestaci\u00f3n de servicios de desarrollo de software (\u00abServicios\u00bb) por parte de NTSprint LLC (\u00abEmpresa\u00bb) a usted (\u00abCliente\u00bb). Al aceptar estos t\u00e9rminos, el Cliente se compromete a cumplirlos.<\/p>\n\n\n\n<h3 class=\"wp-block-heading\"><strong>Alcance de los servicios:<\/strong><\/h3>\n\n\n\n<p>NTSprint LLC se compromete a prestar los Servicios descritos en la propuesta, la descripci\u00f3n del trabajo u otro acuerdo adjunto entre NTSprint LLC y el Cliente (el \u00abAcuerdo\u00bb). El Cliente se compromete a pagar las tarifas estipuladas en el Acuerdo por los Servicios prestados por NTSprint LLC.<\/p>\n\n\n\n<h3 class=\"wp-block-heading\"><strong>Propiedad intelectual:<\/strong><\/h3>\n\n\n\n<p>El Cliente conservar\u00e1 todos los derechos, t\u00edtulos e intereses sobre el software y cualquier otra propiedad intelectual desarrollada por NTSprint LLC en relaci\u00f3n con los Servicios, incluyendo todo el software, hardware, documentaci\u00f3n y dem\u00e1s materiales desarrollados o producidos por NTSprint LLC (\u00abEntregables\u00bb). NTSprint LLC no tendr\u00e1 ning\u00fan derecho, t\u00edtulo ni inter\u00e9s sobre los Entregables, salvo lo dispuesto expresamente en este acuerdo. El Cliente otorga a NTSprint LLC una licencia no exclusiva e intransferible para utilizar los Entregables con el fin de prestarle los Servicios.<\/p>\n\n\n\n<h3 class=\"wp-block-heading\"><strong>Confidencialidad:<\/strong><\/h3>\n\n\n\n<p>NTSprint LLC y el Cliente mantendr\u00e1n la confidencialidad de toda la informaci\u00f3n confidencial divulgada por una parte a la otra en relaci\u00f3n con los Servicios. La parte receptora deber\u00e1 proteger la informaci\u00f3n confidencial con el mismo cuidado que su propia informaci\u00f3n confidencial de igual importancia, pero en ning\u00fan caso con un cuidado inferior al razonable.<\/p>\n\n\n\n<h3 class=\"wp-block-heading\"><strong>Representaciones y garant\u00edas:<\/strong><\/h3>\n\n\n\n<p>NTSprint LLC declara y garantiza que: (i) los Servicios se realizar\u00e1n de manera profesional y competente; (ii) los Entregables no infringir\u00e1n ning\u00fan derecho de propiedad intelectual de terceros; y (iii) los Entregables estar\u00e1n libres de defectos de material y mano de obra durante un per\u00edodo de noventa (90) d\u00edas a partir de la entrega.<\/p>\n\n\n\n<h3 class=\"wp-block-heading\"><strong>Limitaci\u00f3n de responsabilidad:<\/strong><\/h3>\n\n\n\n<p>En ning\u00fan caso NTSprint LLC ser\u00e1 responsable de ning\u00fan da\u00f1o, incluidos, entre otros, da\u00f1os directos, indirectos, incidentales o consecuentes, que surjan de la prestaci\u00f3n de los Servicios, incluso si NTSprint LLC ha sido advertido de la posibilidad de dichos da\u00f1os.<\/p>\n\n\n\n<h3 class=\"wp-block-heading\"><strong>Pagos:<\/strong><\/h3>\n\n\n\n<p>Todos los pagos de cualquier factura emitida por NTSprint LLC deber\u00e1n realizarse dentro de los 15 d\u00edas siguientes a su recepci\u00f3n por parte del Cliente, a menos que exista un acuerdo previo para utilizar una cadencia de pago diferente.<\/p>\n\n\n\n<h3 class=\"wp-block-heading\"><strong>Terminaci\u00f3n:<\/strong><\/h3>\n\n\n\n<p>El Cliente podr\u00e1 rescindir este acuerdo en cualquier momento mediante notificaci\u00f3n por escrito a NTSprint LLC. NTSprint LLC podr\u00e1 rescindir este acuerdo en cualquier momento y sin previo aviso si el Cliente incumple cualquiera de sus t\u00e9rminos. Tras la rescisi\u00f3n, ambas partes deber\u00e1n cesar inmediatamente el uso de los Entregables y devolverse la informaci\u00f3n confidencial y cualquier otra propiedad que pertenezca a la otra parte.<\/p>\n\n\n\n<h3 class=\"wp-block-heading\"><strong>Ley aplicable:<\/strong><\/h3>\n\n\n\n<p>Este acuerdo se regir\u00e1 e interpretar\u00e1 de conformidad con las leyes del Estado de Washington, donde se encuentra NTSprint LLC, sin dar efecto a ning\u00fan principio de conflicto de leyes.<\/p>\n\n\n\n<h3 class=\"wp-block-heading\"><strong>Resoluci\u00f3n de disputas:<\/strong><\/h3>\n\n\n\n<p>Cualquier disputa que surja de este acuerdo o en conexi\u00f3n con \u00e9l se resolver\u00e1 mediante arbitraje vinculante de conformidad con las reglas de la Asociaci\u00f3n Americana de Arbitraje.<\/p>\n\n\n\n<h3 class=\"wp-block-heading\"><strong>Acuerdo completo:<\/strong><\/h3>\n\n\n\n<p>Este acuerdo constituye el acuerdo completo entre el Cliente y NTSprint LLC y reemplaza todos los acuerdos anteriores, ya sean escritos u orales, relacionados con la prestaci\u00f3n de los Servicios.<\/p>\n\n\n\n<p><\/p>","protected":false},"excerpt":{"rendered":"<p>Introduction: This agreement sets forth the terms and conditions that govern the provision of software development services (\u201cServices\u201d) by NTSprint LLC (\u201cCompany\u201d) to you (\u201cClient\u201d). By accepting these terms, the Client agrees to be bound by these terms and conditions. Scope of Services: NTSprint LLC agrees to provide the Services described in the accompanying proposal, [&hellip;]<\/p>","protected":false},"author":1,"featured_media":0,"parent":0,"menu_order":0,"comment_status":"closed","ping_status":"closed","template":"","meta":{"_acf_changed":false,"footnotes":""},"class_list":["post-8466","page","type-page","status-publish","hentry"],"acf":[],"_links":{"self":[{"href":"https:\/\/www.ntsprint.com\/es\/wp-json\/wp\/v2\/pages\/8466","targetHints":{"allow":["GET"]}}],"collection":[{"href":"https:\/\/www.ntsprint.com\/es\/wp-json\/wp\/v2\/pages"}],"about":[{"href":"https:\/\/www.ntsprint.com\/es\/wp-json\/wp\/v2\/types\/page"}],"author":[{"embeddable":true,"href":"https:\/\/www.ntsprint.com\/es\/wp-json\/wp\/v2\/users\/1"}],"replies":[{"embeddable":true,"href":"https:\/\/www.ntsprint.com\/es\/wp-json\/wp\/v2\/comments?post=8466"}],"version-history":[{"count":4,"href":"https:\/\/www.ntsprint.com\/es\/wp-json\/wp\/v2\/pages\/8466\/revisions"}],"predecessor-version":[{"id":12595,"href":"https:\/\/www.ntsprint.com\/es\/wp-json\/wp\/v2\/pages\/8466\/revisions\/12595"}],"wp:attachment":[{"href":"https:\/\/www.ntsprint.com\/es\/wp-json\/wp\/v2\/media?parent=8466"}],"curies":[{"name":"wp","href":"https:\/\/api.w.org\/{rel}","templated":true}]}}